{"id":9118,"date":"2022-06-01T06:58:39","date_gmt":"2022-06-01T05:58:39","guid":{"rendered":"\/?page_id=9118"},"modified":"2022-06-03T09:23:36","modified_gmt":"2022-06-03T08:23:36","slug":"consultation-publique-sur-la-simplification-des-procedures-relatives-au-ministere-des-domaines-de-letat-et-des-affaires-foncieres%ef%bf%bc","status":"publish","type":"page","link":"http:\/\/www.domainetat.tn\/?page_id=9118&lang=fr","title":{"rendered":"Consultation publique sur la simplification des proc\u00e9dures relatives au Minist\u00e8re des domaines de l&rsquo;\u00e9tat et des affaires fonci\u00e8res"},"content":{"rendered":"\t\t<div data-elementor-type=\"wp-page\" data-elementor-id=\"9118\" class=\"elementor elementor-9118\">\n\t\t\t\t\t\t<section class=\"elementor-section elementor-top-section elementor-element elementor-element-ab65079 elementor-section-boxed elementor-section-height-default elementor-section-height-default\" data-id=\"ab65079\" data-element_type=\"section\" data-e-type=\"section\">\n\t\t\t\t\t\t<div class=\"elementor-container elementor-column-gap-default\">\n\t\t\t\t\t<div class=\"elementor-column elementor-col-100 elementor-top-column elementor-element elementor-element-38970e4\" data-id=\"38970e4\" data-element_type=\"column\" data-e-type=\"column\">\n\t\t\t<div class=\"elementor-widget-wrap elementor-element-populated\">\n\t\t\t\t\t\t<div class=\"elementor-element elementor-element-b58574f elementor-widget elementor-widget-eael-adv-accordion\" data-id=\"b58574f\" data-element_type=\"widget\" data-e-type=\"widget\" data-widget_type=\"eael-adv-accordion.default\">\n\t\t\t\t<div class=\"elementor-widget-container\">\n\t\t\t\t\t            <div class=\"eael-adv-accordion\" id=\"eael-adv-accordion-b58574f\" data-scroll-on-click=\"no\" data-scroll-speed=\"300\" data-accordion-id=\"b58574f\" data-accordion-type=\"accordion\" data-toogle-speed=\"300\">\n            <div class=\"eael-accordion-list\">\n\t\t\t\t\t<div id=\"avis-de-la-consultation-sur-la-simplification-des-procdures\" class=\"elementor-tab-title eael-accordion-header\" tabindex=\"0\" data-tab=\"1\" aria-controls=\"elementor-tab-content-1901\"><span class=\"eael-advanced-accordion-icon-closed\"><i aria-hidden=\"true\" class=\"fa-accordion-icon fas fa-plus\"><\/i><\/span><span class=\"eael-advanced-accordion-icon-opened\"><i aria-hidden=\"true\" class=\"fa-accordion-icon fas fa-minus\"><\/i><\/span><span class=\"eael-accordion-tab-title\">Avis de la consultation sur la simplification des proc\u00e9dures<\/span><i aria-hidden=\"true\" class=\"fa-toggle fas fa-angle-down\"><\/i><\/div><div id=\"elementor-tab-content-1901\" class=\"eael-accordion-content clearfix\" data-tab=\"1\" aria-labelledby=\"avis-de-la-consultation-sur-la-simplification-des-procdures\"><p>Dans le cadre de la concr\u00e9tisation de l\u2019approche participative dans le processus de r\u00e9forme et de modernisation de l\u2019action publique objet du d\u00e9cret gouvernemental n\u00b02020-605 relatif \u00e0 la r\u00e9vision des proc\u00e9dures administratives exig\u00e9es pour les usagers de l&rsquo;administration, une consultation publique est lanc\u00e9e sur les proc\u00e9dures et services administratifs afin de permettre aux citoyens et entreprises \u00e9conomiques de signaler difficult\u00e9s rencontr\u00e9es dans leur<span style=\"text-decoration: line-through\">s<\/span> relation<span style=\"text-decoration: line-through\">s<\/span> avec l\u2019administration et de proposer de nouvelles id\u00e9es et mesures afin d\u2019am\u00e9liorer la qualit\u00e9 et l\u2019efficacit\u00e9 des services publics et de les adapter au mieux \u00e0 leurs besoins et attentes.<\/p><p>Le projet de simplification des proc\u00e9dures administratives consiste \u00e0 mettre en place un processus global pour la r\u00e9vision des proc\u00e9dures administratives orient\u00e9es citoyens et entreprises \u00e9conomiques selon une m\u00e9thodologie unifi\u00e9e et ce en vue de faciliter l\u2019acc\u00e8s aux prestations administratives, d\u2019am\u00e9liorer la relation entre l\u2019administration et les usagers et d\u2019am\u00e9liorer l\u2019environnement des affaires et stimuler les investissements.<\/p><p>\u00a0<\/p><p>La consultation publique, qui d\u00e9butera le 01 juin au <strong><u>Minist\u00e8re des domaines de l\u2019\u00e9tat et des affaires fonci\u00e8res<\/u><\/strong> et s\u2019\u00e9talera jusqu\u2019au 30 juin 2022, couvrira environ 93 proc\u00e9dures inventori\u00e9es par les groupes de travail cr\u00e9\u00e9s au sein du minist\u00e8re des domaines de l\u2019\u00e9tat et des affaires fonci\u00e8res<\/p><p>La participation \u00e0 la consultation en ligne est possible \u00e0 travers le lien \u00e9lectronique suivant\u00a0:<\/p><p>Simplification des proc\u00e9dures relatives au minist\u00e8re des domaines de l\u2019\u00e9tat et des affaires fonci\u00e8res<\/p><p>Le questionnaire comprend quatre th\u00e8mes principaux comme suit :<\/p><p>&#8211; Premier axe : <strong><u>Facilit\u00e9 de la proc\u00e9dure<\/u><\/strong> en termes de disponibilit\u00e9 des donn\u00e9es n\u00e9cessaires, la facilit\u00e9 de constitution du dossier, les conditions exig\u00e9es&#8230;<\/p><p>&#8211; Deuxi\u00e8me axe : <strong><u>Qualit\u00e9 d\u2019ex\u00e9cution de la proc\u00e9dure<\/u><\/strong> principalement li\u00e9e \u00e0 l&rsquo;ad\u00e9quation des d\u00e9lais, des frais octroy\u00e9s et du degr\u00e9 de coordination entre les administrations&#8230;<\/p><p>&#8211; Troisi\u00e8me axe : <strong><u>Traitement des p\u00e9titions et des suggestions <\/u><\/strong>des usagers.<\/p><p>&#8211; Quatri\u00e8me Axe : <strong><u>Perspectives de r\u00e9vision de la proc\u00e9dure<\/u><\/strong> \u00e0 travers les propositions de simplification, de r\u00e9vision ou de suppression.<\/p><p>En parall\u00e8le \u00e0 la consultation en ligne, des consultations cibl\u00e9es, des forums et des r\u00e9unions avec les parties prenantes (organisations professionnelles, entreprises \u00e9conomiques, soci\u00e9t\u00e9 civile\u2026) sont pr\u00e9vus pour discuter des orientations et des choix strat\u00e9giques n\u00e9cessaires pour le d\u00e9veloppement de la qualit\u00e9 et l\u2019efficience de l\u2019action publique. De plus, il y aura recours \u00e0 des questionnaires ciblant un \u00e9chantillon d\u2019usagers en format papier ou par courrier \u00e9lectronique afin de s\u2019adapter au mieux avec la nature et les caract\u00e9ristiques des usagers et de garantir la r\u00e9ussite de la consultation.<\/p><\/div>\n\t\t\t\t\t<\/div><div class=\"eael-accordion-list\">\n\t\t\t\t\t<div id=\"pour-plus-dinformation-contactez-\" class=\"elementor-tab-title eael-accordion-header\" tabindex=\"0\" data-tab=\"2\" aria-controls=\"elementor-tab-content-1902\"><span class=\"eael-advanced-accordion-icon-closed\"><i aria-hidden=\"true\" class=\"fa-accordion-icon fas fa-plus\"><\/i><\/span><span class=\"eael-advanced-accordion-icon-opened\"><i aria-hidden=\"true\" class=\"fa-accordion-icon fas fa-minus\"><\/i><\/span><span class=\"eael-accordion-tab-title\">Pour plus d'information contactez : <\/span><i aria-hidden=\"true\" class=\"fa-toggle fas fa-angle-down\"><\/i><\/div><div id=\"elementor-tab-content-1902\" class=\"eael-accordion-content clearfix\" data-tab=\"2\" aria-labelledby=\"pour-plus-dinformation-contactez-\"><ul><li style=\"text-align: left\">Mme Drihmi mejda : chef de projet<\/li><\/ul><p>Adresse E-mail: m.drihmi@domainetat.tn<\/p><p>T\u00e9l: 70 131 402 \/ 70 131 401\u00a0<\/p><ul><li>Mr Rebai Fethi: Responsable technique<\/li><\/ul><p>Adresse E-mail: f.rebai@domainetat.tn<\/p><p>T\u00e9l: 70 131 413<\/p><ul><li>\u00a0Mme Ben kamlla Najoua : Unit\u00e9 Investisseur\u00a0<\/li><\/ul><p>Adresse E-mail: n.benkamella@domainetat.tn<\/p><p>T\u00e9l: 52 471 733<\/p><ul><li>Mr Zribi tejeddine : DGIA<\/li><\/ul><p>Adresse E-mail: tej.zribi@domainetat.tn<\/p><p>T\u00e9l: 55 945 335<\/p><ul><li>Mme Lejri Leila :CPF<\/li><\/ul><p>Adresse E-mail: mejri.leila@cpf.gov.tn<\/p><p>T\u00e9l: 20 959 483<\/p><ul><li>Mme Abidi Amira : CPF<\/li><\/ul><p>Adresse E-mail: amira.abidi@cpf.gov.tn<\/p><p>T\u00e9l: 20 959 483<\/p><\/div>\n\t\t\t\t\t<\/div><div class=\"eael-accordion-list\">\n\t\t\t\t\t<div id=\"pour-participer-\" class=\"elementor-tab-title eael-accordion-header\" tabindex=\"0\" data-tab=\"3\" aria-controls=\"elementor-tab-content-1903\"><span class=\"eael-advanced-accordion-icon-closed\"><i aria-hidden=\"true\" class=\"fa-accordion-icon fas fa-plus\"><\/i><\/span><span class=\"eael-advanced-accordion-icon-opened\"><i aria-hidden=\"true\" class=\"fa-accordion-icon fas fa-minus\"><\/i><\/span><span class=\"eael-accordion-tab-title\">Pour participer <\/span><i aria-hidden=\"true\" class=\"fa-toggle fas fa-angle-down\"><\/i><\/div><div id=\"elementor-tab-content-1903\" class=\"eael-accordion-content clearfix\" data-tab=\"3\" aria-labelledby=\"pour-participer-\"><p><a href=\"https:\/\/forms.office.com\/Pages\/ResponsePage.aspx?id=fRHckg8C-kuZG5TNlK1-SvtT8WU9B99KqR9QCBy_q-JUQVBOWE9GWEZGWjVaVFRMUUJHMUtOVUxQSi4u\" target=\"_blank\" rel=\"noopener\">Veuillez cliquer ci<\/a><\/p><\/div>\n\t\t\t\t\t<\/div><\/div>\t\t\t\t<\/div>\n\t\t\t\t<\/div>\n\t\t\t\t\t<\/div>\n\t\t<\/div>\n\t\t\t\t\t<\/div>\n\t\t<\/section>\n\t\t\t\t<section class=\"elementor-section elementor-top-section elementor-element elementor-element-63093d0 elementor-section-boxed elementor-section-height-default elementor-section-height-default\" data-id=\"63093d0\" data-element_type=\"section\" data-e-type=\"section\">\n\t\t\t\t\t\t<div class=\"elementor-container elementor-column-gap-default\">\n\t\t\t\t\t<div class=\"elementor-column elementor-col-100 elementor-top-column elementor-element elementor-element-e5113d8\" data-id=\"e5113d8\" data-element_type=\"column\" data-e-type=\"column\">\n\t\t\t<div class=\"elementor-widget-wrap elementor-element-populated\">\n\t\t\t\t\t\t<div class=\"elementor-element elementor-element-52a719a elementor-widget-divider--view-line elementor-widget elementor-widget-divider\" data-id=\"52a719a\" data-element_type=\"widget\" data-e-type=\"widget\" data-widget_type=\"divider.default\">\n\t\t\t\t<div class=\"elementor-widget-container\">\n\t\t\t\t\t\t\t<div class=\"elementor-divider\">\n\t\t\t<span class=\"elementor-divider-separator\">\n\t\t\t\t\t\t<\/span>\n\t\t<\/div>\n\t\t\t\t\t\t<\/div>\n\t\t\t\t<\/div>\n\t\t\t\t\t<\/div>\n\t\t<\/div>\n\t\t\t\t\t<\/div>\n\t\t<\/section>\n\t\t\t\t<\/div>\n\t\t","protected":false},"excerpt":{"rendered":"<p>Avis de la consultation sur la simplification des proc\u00e9dures Dans le cadre de la concr\u00e9tisation de l\u2019approche participative dans le processus de r\u00e9forme et de modernisation de l\u2019action publique objet du d\u00e9cret gouvernemental n\u00b02020-605 relatif \u00e0 la r\u00e9vision des proc\u00e9dures administratives exig\u00e9es pour les usagers de l&rsquo;administration, une consultation publique est lanc\u00e9e sur les proc\u00e9dures [&hellip;]<\/p>\n","protected":false},"author":1,"featured_media":0,"parent":0,"menu_order":0,"comment_status":"closed","ping_status":"closed","template":"","meta":{"ocean_post_layout":"","ocean_both_sidebars_style":"","ocean_both_sidebars_content_width":0,"ocean_both_sidebars_sidebars_width":0,"ocean_sidebar":"0","ocean_second_sidebar":"0","ocean_disable_margins":"enable","ocean_add_body_class":"","ocean_shortcode_before_top_bar":"","ocean_shortcode_after_top_bar":"","ocean_shortcode_before_header":"","ocean_shortcode_after_header":"","ocean_has_shortcode":"","ocean_shortcode_after_title":"","ocean_shortcode_before_footer_widgets":"","ocean_shortcode_after_footer_widgets":"","ocean_shortcode_before_footer_bottom":"","ocean_shortcode_after_footer_bottom":"","ocean_display_top_bar":"default","ocean_display_header":"default","ocean_header_style":"","ocean_center_header_left_menu":"0","ocean_custom_header_template":"0","ocean_custom_logo":0,"ocean_custom_retina_logo":0,"ocean_custom_logo_max_width":0,"ocean_custom_logo_tablet_max_width":0,"ocean_custom_logo_mobile_max_width":0,"ocean_custom_logo_max_height":0,"ocean_custom_logo_tablet_max_height":0,"ocean_custom_logo_mobile_max_height":0,"ocean_header_custom_menu":"0","ocean_menu_typo_font_family":"0","ocean_menu_typo_font_subset":"","ocean_menu_typo_font_size":0,"ocean_menu_typo_font_size_tablet":0,"ocean_menu_typo_font_size_mobile":0,"ocean_menu_typo_font_size_unit":"px","ocean_menu_typo_font_weight":"","ocean_menu_typo_font_weight_tablet":"","ocean_menu_typo_font_weight_mobile":"","ocean_menu_typo_transform":"","ocean_menu_typo_transform_tablet":"","ocean_menu_typo_transform_mobile":"","ocean_menu_typo_line_height":0,"ocean_menu_typo_line_height_tablet":0,"ocean_menu_typo_line_height_mobile":0,"ocean_menu_typo_line_height_unit":"","ocean_menu_typo_spacing":0,"ocean_menu_typo_spacing_tablet":0,"ocean_menu_typo_spacing_mobile":0,"ocean_menu_typo_spacing_unit":"","ocean_menu_link_color":"","ocean_menu_link_color_hover":"","ocean_menu_link_color_active":"","ocean_menu_link_background":"","ocean_menu_link_hover_background":"","ocean_menu_link_active_background":"","ocean_menu_social_links_bg":"","ocean_menu_social_hover_links_bg":"","ocean_menu_social_links_color":"","ocean_menu_social_hover_links_color":"","ocean_disable_title":"default","ocean_disable_heading":"default","ocean_post_title":"","ocean_post_subheading":"","ocean_post_title_style":"","ocean_post_title_background_color":"","ocean_post_title_background":0,"ocean_post_title_bg_image_position":"","ocean_post_title_bg_image_attachment":"","ocean_post_title_bg_image_repeat":"","ocean_post_title_bg_image_size":"","ocean_post_title_height":0,"ocean_post_title_bg_overlay":0.5,"ocean_post_title_bg_overlay_color":"","ocean_disable_breadcrumbs":"default","ocean_breadcrumbs_color":"","ocean_breadcrumbs_separator_color":"","ocean_breadcrumbs_links_color":"","ocean_breadcrumbs_links_hover_color":"","ocean_display_footer_widgets":"default","ocean_display_footer_bottom":"default","ocean_custom_footer_template":"0","footnotes":""},"class_list":["post-9118","page","type-page","status-publish","hentry","entry"],"publishpress_future_action":{"enabled":false,"date":"2026-04-14 14:03:45","action":"change-status","newStatus":"draft","terms":[],"taxonomy":"language","extraData":[]},"publishpress_future_workflow_manual_trigger":{"enabledWorkflows":[]},"_links":{"self":[{"href":"http:\/\/www.domainetat.tn\/index.php?rest_route=\/wp\/v2\/pages\/9118","targetHints":{"allow":["GET"]}}],"collection":[{"href":"http:\/\/www.domainetat.tn\/index.php?rest_route=\/wp\/v2\/pages"}],"about":[{"href":"http:\/\/www.domainetat.tn\/index.php?rest_route=\/wp\/v2\/types\/page"}],"author":[{"embeddable":true,"href":"http:\/\/www.domainetat.tn\/index.php?rest_route=\/wp\/v2\/users\/1"}],"replies":[{"embeddable":true,"href":"http:\/\/www.domainetat.tn\/index.php?rest_route=%2Fwp%2Fv2%2Fcomments&post=9118"}],"version-history":[{"count":23,"href":"http:\/\/www.domainetat.tn\/index.php?rest_route=\/wp\/v2\/pages\/9118\/revisions"}],"predecessor-version":[{"id":9164,"href":"http:\/\/www.domainetat.tn\/index.php?rest_route=\/wp\/v2\/pages\/9118\/revisions\/9164"}],"wp:attachment":[{"href":"http:\/\/www.domainetat.tn\/index.php?rest_route=%2Fwp%2Fv2%2Fmedia&parent=9118"}],"curies":[{"name":"wp","href":"https:\/\/api.w.org\/{rel}","templated":true}]}}