{"id":6609,"date":"2021-02-27T12:40:35","date_gmt":"2021-02-27T11:40:35","guid":{"rendered":"\/?page_id=6609"},"modified":"2021-07-15T11:11:29","modified_gmt":"2021-07-15T10:11:29","slug":"plan-du-site","status":"publish","type":"page","link":"http:\/\/www.domainetat.tn\/?page_id=6609&lang=fr","title":{"rendered":"Plan du Site"},"content":{"rendered":"\n<ul class=\"wp-block-list\"><li><a href=\"\/?page_id=26&amp;lang=fr\" target=\"_blank\" rel=\"noreferrer noopener\">Accueil <\/a><\/li><li><a rel=\"noreferrer noopener\" href=\"?cat=15&amp;lang=fr\" target=\"_blank\">Actu<\/a><a href=\"?cat=15&amp;lang=fr\" target=\"_blank\" rel=\"noreferrer noopener\">alit\u00e9 <\/a><\/li><li><a href=\"?cat=9&amp;lang=fr\" target=\"_blank\" rel=\"noreferrer noopener\">Annonces<\/a><ul><li><a rel=\"noreferrer noopener\" href=\"?cat=19&amp;lang=fr\" target=\"_blank\">Appel d&rsquo;offre<\/a><\/li><li><a href=\"\/?cat=25&amp;lang=fr\">Vente aux ench\u00e8res publique et location<\/a><\/li><li><a rel=\"noreferrer noopener\" href=\"\/?cat=40&amp;lang=fr\" target=\"_blank\">D\u00e9limitation <\/a><\/li><li><a rel=\"noreferrer noopener\" href=\"\/category\/expropriations\/\" target=\"_blank\">E<\/a><a rel=\"noreferrer noopener\" href=\"\/?cat=34&amp;lang=fr\" target=\"_blank\">xpropriation <\/a><\/li><li><a rel=\"noreferrer noopener\" href=\"\/category\/proprietes\/\" target=\"_blank\">Pro<\/a><a rel=\"noreferrer noopener\" href=\"\/?cat=42&amp;lang=fr\" target=\"_blank\">pri\u00e9t\u00e9  <\/a><\/li><li><a rel=\"noreferrer noopener\" href=\"\/?page_id=2359&amp;lang=fr\" target=\"_blank\">Concours internes <\/a><\/li><li><a rel=\"noreferrer noopener\" href=\"\/?page_id=2359&amp;lang=fr\" target=\"_blank\">concours externes<\/a><\/li><\/ul><\/li><li>Services en lignes<ul><li><a rel=\"noreferrer noopener\" href=\"http:\/\/expertise.domainetat.tn\/MS-EXPERTWEB\/ACCUEILWEB.aspx\" target=\"_blank\">Demande d&rsquo;expertise<\/a><\/li><li><a rel=\"noreferrer noopener\" href=\"https:\/\/sigf.domainetat.tn\/geoserver\/web\/wicket\/bookmarkable\/org.geoserver.web.sigf.Map\" target=\"_blank\">Carte num\u00e9rique de l&rsquo;\u00e9tat <\/a><\/li><li><a rel=\"noreferrer noopener\" href=\"https:\/\/servicenligne.domainetat.tn\/ServicesOnline\/\" target=\"_blank\">Op\u00e9ration fonci\u00e8re<\/a><\/li><li><a rel=\"noreferrer noopener\" href=\"\/documents-en-ligne\/\" target=\"_blank\">Document <\/a><a rel=\"noreferrer noopener\" href=\"\/?cat=98&amp;lang=fr\" target=\"_blank\">en ligne<\/a><\/li><li><a rel=\"noreferrer noopener\" href=\"https:\/\/reclamation.domainetat.tn\/reclamation\/\" target=\"_blank\">R\u00e9clamation <\/a><\/li><li><a rel=\"noreferrer noopener\" href=\"\/information\/\" target=\"_blank\">Inform<\/a><a rel=\"noreferrer noopener\" href=\"\/?cat=100&amp;lang=fr\" target=\"_blank\">ation<\/a><\/li><\/ul><\/li><li><a rel=\"noreferrer noopener\" href=\"\/?page_id=2548&amp;lang=fr\" target=\"_blank\">Commission de liquidation <\/a><\/li><li><a href=\"\/?page_id=2499&amp;lang=fr\" target=\"_blank\" rel=\"noreferrer noopener\">Statistique <\/a><\/li><li><a href=\"\/?page_id=2540&amp;lang=fr\" target=\"_blank\" rel=\"noreferrer noopener\">Cellule d&rsquo;information aux investisseurs <\/a><\/li><li><a href=\"\/?page_id=1878&amp;lang=fr\" target=\"_blank\" rel=\"noreferrer noopener\">Acc\u00e8s \u00e0 l&rsquo;information <\/a><\/li><li><a rel=\"noreferrer noopener\" href=\"\/la-protection-des-donnees-personnelles\/\" target=\"_blank\">Protection des donn\u00e9es personnell<\/a><a href=\"\/?page_id=2509&amp;lang=fr\" target=\"_blank\" rel=\"noreferrer noopener\">es<\/a><\/li><li><a href=\"\/?page_id=1981&amp;lang=fr\" target=\"_blank\" rel=\"noreferrer noopener\">Unit\u00e9 de gestion budg\u00e9taire par objectif  <\/a><\/li><li>Lien utile <ul><li><a rel=\"noreferrer noopener\" href=\"http:\/\/www.cpf.gov.tn\/cpfsite\/Arabe\/index.php\" target=\"_blank\">CPF<\/a><\/li><li><a rel=\"noreferrer noopener\" href=\"http:\/\/www.sicad.gov.tn\/Fr\/Accueil_46_6\" target=\"_blank\">SICAD<\/a><\/li><li><a rel=\"noreferrer noopener\" href=\"https:\/\/www.registre-entreprises.tn\/rne-public\/#\/\" target=\"_blank\">RNE public<\/a><\/li><li><a rel=\"noreferrer noopener\" href=\"http:\/\/fr.data.gov.tn\" target=\"_blank\">Open data<\/a><\/li><li><a rel=\"noreferrer noopener\" href=\"http:\/\/www.marchespublics.gov.tn\/onmp\/content\/index.php?lang=ar\" target=\"_blank\">March\u00e9 publique <\/a><\/li><li><a rel=\"noreferrer noopener\" href=\"http:\/\/www.pm.gov.tn\/pm\/content\/index.php?lang=fr\" target=\"_blank\">Portail de la Pr\u00e9sidence du Gouvernement<\/a><\/li><li><a rel=\"noreferrer noopener\" href=\"http:\/\/www.tunisie.gov.tn\/\" target=\"_blank\">Portail du gouvernement<\/a><\/li><li><a rel=\"noreferrer noopener\" href=\"https:\/\/www.tuneps.tn\/index.do\" target=\"_blank\">Tuneps<\/a><\/li><li><a rel=\"noreferrer noopener\" href=\"https:\/\/www.e-people.gov.tn\/main.do\" target=\"_blank\">E-People<\/a><\/li><li><a rel=\"noreferrer noopener\" href=\"http:\/\/www.iort.gov.tn\/WD120AWP\/WD120Awp.exe\/CONNECT\/SITEIORT\" target=\"_blank\">Journal officiel de la r\u00e9publique Tunisienne<\/a><\/li><\/ul><\/li><li><a href=\"\/?page_id=1425&amp;lang=fr\" target=\"_blank\" rel=\"noreferrer noopener\">E-participation<\/a><\/li><li><a href=\"\/?page_id=1566&amp;lang=fr\" target=\"_blank\" rel=\"noreferrer noopener\">Archives vid\u00e9os <\/a><\/li><li><a href=\"\/?page_id=294&amp;lang=fr\" target=\"_blank\" rel=\"noreferrer noopener\">Contact <\/a><\/li><li><a href=\"\/?page_id=1044&amp;lang=fr\" target=\"_blank\" rel=\"noreferrer noopener\">FAQ<\/a><\/li><\/ul>\n\n\n\n<p><\/p>\n","protected":false},"excerpt":{"rendered":"<p>Accueil Actualit\u00e9 Annonces Appel d&rsquo;offre Vente aux ench\u00e8res publique et location D\u00e9limitation Expropriation Propri\u00e9t\u00e9 Concours internes concours externes Services en lignes Demande d&rsquo;expertise Carte num\u00e9rique de l&rsquo;\u00e9tat Op\u00e9ration fonci\u00e8re Document en ligne R\u00e9clamation Information Commission de liquidation Statistique Cellule d&rsquo;information aux investisseurs Acc\u00e8s \u00e0 l&rsquo;information Protection des donn\u00e9es personnelles Unit\u00e9 de gestion budg\u00e9taire par objectif [&hellip;]<\/p>\n","protected":false},"author":1,"featured_media":0,"parent":0,"menu_order":0,"comment_status":"closed","ping_status":"closed","template":"","meta":{"ocean_post_layout":"","ocean_both_sidebars_style":"","ocean_both_sidebars_content_width":0,"ocean_both_sidebars_sidebars_width":0,"ocean_sidebar":"0","ocean_second_sidebar":"0","ocean_disable_margins":"enable","ocean_add_body_class":"","ocean_shortcode_before_top_bar":"","ocean_shortcode_after_top_bar":"","ocean_shortcode_before_header":"","ocean_shortcode_after_header":"","ocean_has_shortcode":"","ocean_shortcode_after_title":"","ocean_shortcode_before_footer_widgets":"","ocean_shortcode_after_footer_widgets":"","ocean_shortcode_before_footer_bottom":"","ocean_shortcode_after_footer_bottom":"","ocean_display_top_bar":"default","ocean_display_header":"default","ocean_header_style":"","ocean_center_header_left_menu":"0","ocean_custom_header_template":"0","ocean_custom_logo":0,"ocean_custom_retina_logo":0,"ocean_custom_logo_max_width":0,"ocean_custom_logo_tablet_max_width":0,"ocean_custom_logo_mobile_max_width":0,"ocean_custom_logo_max_height":0,"ocean_custom_logo_tablet_max_height":0,"ocean_custom_logo_mobile_max_height":0,"ocean_header_custom_menu":"0","ocean_menu_typo_font_family":"0","ocean_menu_typo_font_subset":"","ocean_menu_typo_font_size":0,"ocean_menu_typo_font_size_tablet":0,"ocean_menu_typo_font_size_mobile":0,"ocean_menu_typo_font_size_unit":"px","ocean_menu_typo_font_weight":"","ocean_menu_typo_font_weight_tablet":"","ocean_menu_typo_font_weight_mobile":"","ocean_menu_typo_transform":"","ocean_menu_typo_transform_tablet":"","ocean_menu_typo_transform_mobile":"","ocean_menu_typo_line_height":0,"ocean_menu_typo_line_height_tablet":0,"ocean_menu_typo_line_height_mobile":0,"ocean_menu_typo_line_height_unit":"","ocean_menu_typo_spacing":0,"ocean_menu_typo_spacing_tablet":0,"ocean_menu_typo_spacing_mobile":0,"ocean_menu_typo_spacing_unit":"","ocean_menu_link_color":"","ocean_menu_link_color_hover":"","ocean_menu_link_color_active":"","ocean_menu_link_background":"","ocean_menu_link_hover_background":"","ocean_menu_link_active_background":"","ocean_menu_social_links_bg":"","ocean_menu_social_hover_links_bg":"","ocean_menu_social_links_color":"","ocean_menu_social_hover_links_color":"","ocean_disable_title":"default","ocean_disable_heading":"default","ocean_post_title":"","ocean_post_subheading":"","ocean_post_title_style":"","ocean_post_title_background_color":"","ocean_post_title_background":0,"ocean_post_title_bg_image_position":"","ocean_post_title_bg_image_attachment":"","ocean_post_title_bg_image_repeat":"","ocean_post_title_bg_image_size":"","ocean_post_title_height":0,"ocean_post_title_bg_overlay":0.5,"ocean_post_title_bg_overlay_color":"","ocean_disable_breadcrumbs":"default","ocean_breadcrumbs_color":"","ocean_breadcrumbs_separator_color":"","ocean_breadcrumbs_links_color":"","ocean_breadcrumbs_links_hover_color":"","ocean_display_footer_widgets":"default","ocean_display_footer_bottom":"default","ocean_custom_footer_template":"0","footnotes":""},"class_list":["post-6609","page","type-page","status-publish","hentry","entry"],"publishpress_future_action":{"enabled":false,"date":"2026-04-14 14:00:09","action":"change-status","newStatus":"draft","terms":[],"taxonomy":"language","extraData":[]},"publishpress_future_workflow_manual_trigger":{"enabledWorkflows":[]},"_links":{"self":[{"href":"http:\/\/www.domainetat.tn\/index.php?rest_route=\/wp\/v2\/pages\/6609","targetHints":{"allow":["GET"]}}],"collection":[{"href":"http:\/\/www.domainetat.tn\/index.php?rest_route=\/wp\/v2\/pages"}],"about":[{"href":"http:\/\/www.domainetat.tn\/index.php?rest_route=\/wp\/v2\/types\/page"}],"author":[{"embeddable":true,"href":"http:\/\/www.domainetat.tn\/index.php?rest_route=\/wp\/v2\/users\/1"}],"replies":[{"embeddable":true,"href":"http:\/\/www.domainetat.tn\/index.php?rest_route=%2Fwp%2Fv2%2Fcomments&post=6609"}],"version-history":[{"count":5,"href":"http:\/\/www.domainetat.tn\/index.php?rest_route=\/wp\/v2\/pages\/6609\/revisions"}],"predecessor-version":[{"id":7563,"href":"http:\/\/www.domainetat.tn\/index.php?rest_route=\/wp\/v2\/pages\/6609\/revisions\/7563"}],"wp:attachment":[{"href":"http:\/\/www.domainetat.tn\/index.php?rest_route=%2Fwp%2Fv2%2Fmedia&parent=6609"}],"curies":[{"name":"wp","href":"https:\/\/api.w.org\/{rel}","templated":true}]}}